{"id":90,"date":"2023-09-01T15:54:55","date_gmt":"2023-09-01T15:54:55","guid":{"rendered":"https:\/\/expresxchange.com\/?page_id=90"},"modified":"2023-11-02T22:15:07","modified_gmt":"2023-11-02T22:15:07","slug":"privacy-policies","status":"publish","type":"page","link":"https:\/\/expresxchange.com\/en\/privacy-policies\/","title":{"rendered":"Privacy Policy"},"content":{"rendered":"<div data-elementor-type=\"wp-page\" data-elementor-id=\"90\" class=\"elementor elementor-90\" data-elementor-post-type=\"page\">\n\t\t\t\t<section class=\"elementor-element elementor-element-8b3573f e-con-full e-flex e-con e-parent\" data-id=\"8b3573f\" data-element_type=\"container\" data-settings=\"{&quot;background_background&quot;:&quot;classic&quot;}\">\n\t\t<div class=\"elementor-element elementor-element-7529b22 e-con-full e-flex e-con e-child\" data-id=\"7529b22\" data-element_type=\"container\">\n\t\t\t\t<div class=\"elementor-element elementor-element-f68ca01 elementor-widget elementor-widget-heading\" data-id=\"f68ca01\" data-element_type=\"widget\" data-widget_type=\"heading.default\">\n\t\t\t\t<div class=\"elementor-widget-container\">\n\t\t\t\t\t<h1 class=\"elementor-heading-title elementor-size-default\">Privacy Policy<\/h1>\t\t\t\t<\/div>\n\t\t\t\t<\/div>\n\t\t\t\t<div class=\"elementor-element elementor-element-c8c1624 elementor-widget-divider--view-line elementor-widget elementor-widget-divider\" data-id=\"c8c1624\" data-element_type=\"widget\" data-widget_type=\"divider.default\">\n\t\t\t\t<div class=\"elementor-widget-container\">\n\t\t\t\t\t\t\t<div class=\"elementor-divider\">\n\t\t\t<span class=\"elementor-divider-separator\">\n\t\t\t\t\t\t<\/span>\n\t\t<\/div>\n\t\t\t\t\t\t<\/div>\n\t\t\t\t<\/div>\n\t\t<div class=\"elementor-element elementor-element-d654420 e-con-full e-flex e-con e-child\" data-id=\"d654420\" data-element_type=\"container\" data-settings=\"{&quot;background_background&quot;:&quot;classic&quot;}\">\n\t\t\t\t<div class=\"elementor-element elementor-element-dba95a9 elementor-widget elementor-widget-heading\" data-id=\"dba95a9\" data-element_type=\"widget\" data-widget_type=\"heading.default\">\n\t\t\t\t<div class=\"elementor-widget-container\">\n\t\t\t\t\t<p class=\"elementor-heading-title elementor-size-default\">Expres Xchange better known as Expres Xchange, domiciled in Cancun, Mexico and internet portal http:\/\/157.245.222.104\/, is responsible for the use and protection of your personal data, and in this regard we inform you as follows:<\/p>\t\t\t\t<\/div>\n\t\t\t\t<\/div>\n\t\t\t\t<div class=\"elementor-element elementor-element-1d93a9f elementor-widget elementor-widget-heading\" data-id=\"1d93a9f\" data-element_type=\"widget\" data-widget_type=\"heading.default\">\n\t\t\t\t<div class=\"elementor-widget-container\">\n\t\t\t\t\t<h2 class=\"elementor-heading-title elementor-size-default\">For what purposes will we use your personal data?<\/h2>\t\t\t\t<\/div>\n\t\t\t\t<\/div>\n\t\t\t\t<div class=\"elementor-element elementor-element-fc19470 elementor-widget elementor-widget-heading\" data-id=\"fc19470\" data-element_type=\"widget\" data-widget_type=\"heading.default\">\n\t\t\t\t<div class=\"elementor-widget-container\">\n\t\t\t\t\t<p class=\"elementor-heading-title elementor-size-default\">The personal data we collect from you will be used for the following purposes that are necessary for the service you request:<\/p>\t\t\t\t<\/div>\n\t\t\t\t<\/div>\n\t\t\t\t<div class=\"elementor-element elementor-element-6207b6b elementor-widget elementor-widget-heading\" data-id=\"6207b6b\" data-element_type=\"widget\" data-widget_type=\"heading.default\">\n\t\t\t\t<div class=\"elementor-widget-container\">\n\t\t\t\t\t<p class=\"elementor-heading-title elementor-size-default\">Reply to contact form messages<\/p>\t\t\t\t<\/div>\n\t\t\t\t<\/div>\n\t\t\t\t<div class=\"elementor-element elementor-element-f07e262 elementor-widget elementor-widget-heading\" data-id=\"f07e262\" data-element_type=\"widget\" data-widget_type=\"heading.default\">\n\t\t\t\t<div class=\"elementor-widget-container\">\n\t\t\t\t\t<h2 class=\"elementor-heading-title elementor-size-default\">What personal data will we use for these purposes?<\/h2>\t\t\t\t<\/div>\n\t\t\t\t<\/div>\n\t\t\t\t<div class=\"elementor-element elementor-element-12cd621 elementor-widget elementor-widget-heading\" data-id=\"12cd621\" data-element_type=\"widget\" data-widget_type=\"heading.default\">\n\t\t\t\t<div class=\"elementor-widget-container\">\n\t\t\t\t\t<p class=\"elementor-heading-title elementor-size-default\">To carry out the purposes described in this privacy notice, we will use the following personal data:<\/p>\t\t\t\t<\/div>\n\t\t\t\t<\/div>\n\t\t\t\t<div class=\"elementor-element elementor-element-c659fb7 elementor-widget elementor-widget-heading\" data-id=\"c659fb7\" data-element_type=\"widget\" data-widget_type=\"heading.default\">\n\t\t\t\t<div class=\"elementor-widget-container\">\n\t\t\t\t\t<p class=\"elementor-heading-title elementor-size-default\">Identification and contact information<\/p>\t\t\t\t<\/div>\n\t\t\t\t<\/div>\n\t\t\t\t<div class=\"elementor-element elementor-element-8d7e8ee elementor-widget elementor-widget-heading\" data-id=\"8d7e8ee\" data-element_type=\"widget\" data-widget_type=\"heading.default\">\n\t\t\t\t<div class=\"elementor-widget-container\">\n\t\t\t\t\t<h2 class=\"elementor-heading-title elementor-size-default\">Use of tracking technologies on our website<\/h2>\t\t\t\t<\/div>\n\t\t\t\t<\/div>\n\t\t\t\t<div class=\"elementor-element elementor-element-63a7bf3 elementor-widget elementor-widget-heading\" data-id=\"63a7bf3\" data-element_type=\"widget\" data-widget_type=\"heading.default\">\n\t\t\t\t<div class=\"elementor-widget-container\">\n\t\t\t\t\t<p class=\"elementor-heading-title elementor-size-default\">We inform you that on our website we use cookies, web beacons or other technologies, through which it is possible to monitor your behavior as an Internet user, as well as to provide you with a better service and experience when browsing our website. The personal data we obtain from these tracking technologies are the following:<\/p>\t\t\t\t<\/div>\n\t\t\t\t<\/div>\n\t\t\t\t<div class=\"elementor-element elementor-element-17bfa6f elementor-widget elementor-widget-heading\" data-id=\"17bfa6f\" data-element_type=\"widget\" data-widget_type=\"heading.default\">\n\t\t\t\t<div class=\"elementor-widget-container\">\n\t\t\t\t\t<p class=\"elementor-heading-title elementor-size-default\">Identifiers<\/p>\t\t\t\t<\/div>\n\t\t\t\t<\/div>\n\t\t\t\t<div class=\"elementor-element elementor-element-ab62708 elementor-widget elementor-widget-heading\" data-id=\"ab62708\" data-element_type=\"widget\" data-widget_type=\"heading.default\">\n\t\t\t\t<div class=\"elementor-widget-container\">\n\t\t\t\t\t<p class=\"elementor-heading-title elementor-size-default\">Type of user's operating system<\/p>\t\t\t\t<\/div>\n\t\t\t\t<\/div>\n\t\t\t\t<div class=\"elementor-element elementor-element-1f5102f elementor-widget elementor-widget-heading\" data-id=\"1f5102f\" data-element_type=\"widget\" data-widget_type=\"heading.default\">\n\t\t\t\t<div class=\"elementor-widget-container\">\n\t\t\t\t\t<p class=\"elementor-heading-title elementor-size-default\">These cookies, web beacons and other technologies can be disabled. To find out how to do this, please consult your browser's help menu. Please note that if you disable cookies, you may not be able to access certain personalized features on our website.<\/p>\t\t\t\t<\/div>\n\t\t\t\t<\/div>\n\t\t\t\t<div class=\"elementor-element elementor-element-3fb93d3 elementor-widget elementor-widget-heading\" data-id=\"3fb93d3\" data-element_type=\"widget\" data-widget_type=\"heading.default\">\n\t\t\t\t<div class=\"elementor-widget-container\">\n\t\t\t\t\t<h2 class=\"elementor-heading-title elementor-size-default\">How can you find out about changes to this privacy notice?<\/h2>\t\t\t\t<\/div>\n\t\t\t\t<\/div>\n\t\t\t\t<div class=\"elementor-element elementor-element-b115a8f elementor-widget elementor-widget-heading\" data-id=\"b115a8f\" data-element_type=\"widget\" data-widget_type=\"heading.default\">\n\t\t\t\t<div class=\"elementor-widget-container\">\n\t\t\t\t\t<p class=\"elementor-heading-title elementor-size-default\">This privacy notice may be modified, changed or updated due to new legal requirements; our own needs for the products or services we offer; our privacy practices; changes in our business model, or for other reasons. We are committed to keep this privacy notice updated on the changes that may occur and you can always consult the updates that exist on the website http:\/\/157.245.222.104\/.<\/p>\t\t\t\t<\/div>\n\t\t\t\t<\/div>\n\t\t\t\t<div class=\"elementor-element elementor-element-68ced36 elementor-widget elementor-widget-heading\" data-id=\"68ced36\" data-element_type=\"widget\" data-widget_type=\"heading.default\">\n\t\t\t\t<div class=\"elementor-widget-container\">\n\t\t\t\t\t<p class=\"elementor-heading-title elementor-size-default\">Last update of this privacy notice: 08\/09\/2023<\/p>\t\t\t\t<\/div>\n\t\t\t\t<\/div>\n\t\t\t\t<\/div>\n\t\t\t\t<\/div>\n\t\t\t\t<\/section>\n\t\t\t\t<\/div>","protected":false},"excerpt":{"rendered":"<p>Pol\u00edticas de privacidad Expres Xchange mejor conocido como Expres Xchange, con domicilio en Canc\u00fan, M\u00e9xico y portal de internet https:\/\/expresxchange.com\/, es el responsable del uso y protecci\u00f3n de sus datos personales, y al respecto le informamos lo siguiente: \u00bfPara qu\u00e9 fines utilizaremos sus datos personales? Los datos personales que recabamos de usted, los utilizaremos para [&hellip;]<\/p>","protected":false},"author":1,"featured_media":0,"parent":0,"menu_order":0,"comment_status":"closed","ping_status":"closed","template":"","meta":{"site-sidebar-layout":"no-sidebar","site-content-layout":"","ast-site-content-layout":"full-width-container","site-content-style":"default","site-sidebar-style":"default","ast-global-header-display":"","ast-banner-title-visibility":"","ast-main-header-display":"","ast-hfb-above-header-display":"","ast-hfb-below-header-display":"","ast-hfb-mobile-header-display":"","site-post-title":"disabled","ast-breadcrumbs-content":"","ast-featured-img":"disabled","footer-sml-layout":"","theme-transparent-header-meta":"default","adv-header-id-meta":"","stick-header-meta":"","header-above-stick-meta":"","header-main-stick-meta":"","header-below-stick-meta":"","astra-migrate-meta-layouts":"set","ast-page-background-enabled":"default","ast-page-background-meta":{"desktop":{"background-color":"var(--ast-global-color-4)","background-image":"","background-repeat":"repeat","background-position":"center center","background-size":"auto","background-attachment":"scroll","background-type":"","background-media":"","overlay-type":"","overlay-color":"","overlay-opacity":"","overlay-gradient":""},"tablet":{"background-color":"","background-image":"","background-repeat":"repeat","background-position":"center center","background-size":"auto","background-attachment":"scroll","background-type":"","background-media":"","overlay-type":"","overlay-color":"","overlay-opacity":"","overlay-gradient":""},"mobile":{"background-color":"","background-image":"","background-repeat":"repeat","background-position":"center center","background-size":"auto","background-attachment":"scroll","background-type":"","background-media":"","overlay-type":"","overlay-color":"","overlay-opacity":"","overlay-gradient":""}},"ast-content-background-meta":{"desktop":{"background-color":"var(--ast-global-color-5)","background-image":"","background-repeat":"repeat","background-position":"center center","background-size":"auto","background-attachment":"scroll","background-type":"","background-media":"","overlay-type":"","overlay-color":"","overlay-opacity":"","overlay-gradient":""},"tablet":{"background-color":"var(--ast-global-color-5)","background-image":"","background-repeat":"repeat","background-position":"center center","background-size":"auto","background-attachment":"scroll","background-type":"","background-media":"","overlay-type":"","overlay-color":"","overlay-opacity":"","overlay-gradient":""},"mobile":{"background-color":"var(--ast-global-color-5)","background-image":"","background-repeat":"repeat","background-position":"center center","background-size":"auto","background-attachment":"scroll","background-type":"","background-media":"","overlay-type":"","overlay-color":"","overlay-opacity":"","overlay-gradient":""}},"footnotes":""},"class_list":["post-90","page","type-page","status-publish","hentry"],"yoast_head":"<!-- This site is optimized with the Yoast SEO plugin v25.5 - https:\/\/yoast.com\/wordpress\/plugins\/seo\/ -->\n<title>Pol\u00edticas de privacidad | Expres Xchange<\/title>\n<meta name=\"description\" content=\"Descubre c\u00f3mo protegemos tus datos en Expres Xchange con nuestras s\u00f3lidas pol\u00edticas de privacidad. Tu informaci\u00f3n est\u00e1 segura con nosotros.\" \/>\n<meta name=\"robots\" content=\"index, follow, max-snippet:-1, max-image-preview:large, max-video-preview:-1\" \/>\n<link rel=\"canonical\" href=\"https:\/\/expresxchange.com\/en\/privacy-policies\/\" \/>\n<meta property=\"og:locale\" content=\"en_US\" \/>\n<meta property=\"og:type\" content=\"article\" \/>\n<meta property=\"og:title\" content=\"Pol\u00edticas de privacidad | Expres Xchange\" \/>\n<meta property=\"og:description\" content=\"Descubre c\u00f3mo protegemos tus datos en Expres Xchange con nuestras s\u00f3lidas pol\u00edticas de privacidad. Tu informaci\u00f3n est\u00e1 segura con nosotros.\" \/>\n<meta property=\"og:url\" content=\"https:\/\/expresxchange.com\/en\/privacy-policies\/\" \/>\n<meta property=\"og:site_name\" content=\"Expres Xchange\" \/>\n<meta property=\"article:modified_time\" content=\"2023-11-02T22:15:07+00:00\" \/>\n<meta name=\"twitter:card\" content=\"summary_large_image\" \/>\n<meta name=\"twitter:title\" content=\"Pol\u00edticas de privacidad | Expres Xchange\" \/>\n<meta name=\"twitter:description\" content=\"Descubre c\u00f3mo protegemos tus datos en Expres Xchange con nuestras s\u00f3lidas pol\u00edticas de privacidad. Tu informaci\u00f3n est\u00e1 segura con nosotros.\" \/>\n<meta name=\"twitter:label1\" content=\"Est. reading time\" \/>\n\t<meta name=\"twitter:data1\" content=\"2 minutes\" \/>\n<script type=\"application\/ld+json\" class=\"yoast-schema-graph\">{\"@context\":\"https:\/\/schema.org\",\"@graph\":[{\"@type\":\"WebPage\",\"@id\":\"https:\/\/expresxchange.com\/politicas-privacidad\/\",\"url\":\"https:\/\/expresxchange.com\/politicas-privacidad\/\",\"name\":\"Pol\u00edticas de privacidad | Expres Xchange\",\"isPartOf\":{\"@id\":\"https:\/\/expresxchange.com\/#website\"},\"datePublished\":\"2023-09-01T15:54:55+00:00\",\"dateModified\":\"2023-11-02T22:15:07+00:00\",\"description\":\"Descubre c\u00f3mo protegemos tus datos en Expres Xchange con nuestras s\u00f3lidas pol\u00edticas de privacidad. Tu informaci\u00f3n est\u00e1 segura con nosotros.\",\"breadcrumb\":{\"@id\":\"https:\/\/expresxchange.com\/politicas-privacidad\/#breadcrumb\"},\"inLanguage\":\"en-US\",\"potentialAction\":[{\"@type\":\"ReadAction\",\"target\":[\"https:\/\/expresxchange.com\/politicas-privacidad\/\"]}]},{\"@type\":\"BreadcrumbList\",\"@id\":\"https:\/\/expresxchange.com\/politicas-privacidad\/#breadcrumb\",\"itemListElement\":[{\"@type\":\"ListItem\",\"position\":1,\"name\":\"Inicio\",\"item\":\"https:\/\/expresxchange.com\/\"},{\"@type\":\"ListItem\",\"position\":2,\"name\":\"Pol\u00edticas de privacidad\"}]},{\"@type\":\"WebSite\",\"@id\":\"https:\/\/expresxchange.com\/#website\",\"url\":\"https:\/\/expresxchange.com\/\",\"name\":\"Expres Xchange\",\"description\":\"\",\"potentialAction\":[{\"@type\":\"SearchAction\",\"target\":{\"@type\":\"EntryPoint\",\"urlTemplate\":\"https:\/\/expresxchange.com\/?s={search_term_string}\"},\"query-input\":{\"@type\":\"PropertyValueSpecification\",\"valueRequired\":true,\"valueName\":\"search_term_string\"}}],\"inLanguage\":\"en-US\"}]}<\/script>\n<!-- \/ Yoast SEO plugin. -->","yoast_head_json":{"title":"Privacy Policy | Expres Xchange","description":"Find out how we protect your data at Expres Xchange with our strong privacy policies. Your information is safe with us.","robots":{"index":"index","follow":"follow","max-snippet":"max-snippet:-1","max-image-preview":"max-image-preview:large","max-video-preview":"max-video-preview:-1"},"canonical":"https:\/\/expresxchange.com\/en\/privacy-policies\/","og_locale":"en_US","og_type":"article","og_title":"Pol\u00edticas de privacidad | Expres Xchange","og_description":"Descubre c\u00f3mo protegemos tus datos en Expres Xchange con nuestras s\u00f3lidas pol\u00edticas de privacidad. Tu informaci\u00f3n est\u00e1 segura con nosotros.","og_url":"https:\/\/expresxchange.com\/en\/privacy-policies\/","og_site_name":"Expres Xchange","article_modified_time":"2023-11-02T22:15:07+00:00","twitter_card":"summary_large_image","twitter_title":"Pol\u00edticas de privacidad | Expres Xchange","twitter_description":"Descubre c\u00f3mo protegemos tus datos en Expres Xchange con nuestras s\u00f3lidas pol\u00edticas de privacidad. Tu informaci\u00f3n est\u00e1 segura con nosotros.","twitter_misc":{"Est. reading time":"2 minutes"},"schema":{"@context":"https:\/\/schema.org","@graph":[{"@type":"WebPage","@id":"https:\/\/expresxchange.com\/politicas-privacidad\/","url":"https:\/\/expresxchange.com\/politicas-privacidad\/","name":"Privacy Policy | Expres Xchange","isPartOf":{"@id":"https:\/\/expresxchange.com\/#website"},"datePublished":"2023-09-01T15:54:55+00:00","dateModified":"2023-11-02T22:15:07+00:00","description":"Find out how we protect your data at Expres Xchange with our strong privacy policies. Your information is safe with us.","breadcrumb":{"@id":"https:\/\/expresxchange.com\/politicas-privacidad\/#breadcrumb"},"inLanguage":"en-US","potentialAction":[{"@type":"ReadAction","target":["https:\/\/expresxchange.com\/politicas-privacidad\/"]}]},{"@type":"BreadcrumbList","@id":"https:\/\/expresxchange.com\/politicas-privacidad\/#breadcrumb","itemListElement":[{"@type":"ListItem","position":1,"name":"Inicio","item":"https:\/\/expresxchange.com\/"},{"@type":"ListItem","position":2,"name":"Pol\u00edticas de privacidad"}]},{"@type":"WebSite","@id":"https:\/\/expresxchange.com\/#website","url":"https:\/\/expresxchange.com\/","name":"Expres Xchange","description":"","potentialAction":[{"@type":"SearchAction","target":{"@type":"EntryPoint","urlTemplate":"https:\/\/expresxchange.com\/?s={search_term_string}"},"query-input":{"@type":"PropertyValueSpecification","valueRequired":true,"valueName":"search_term_string"}}],"inLanguage":"en-US"}]}},"_links":{"self":[{"href":"https:\/\/expresxchange.com\/en\/wp-json\/wp\/v2\/pages\/90","targetHints":{"allow":["GET"]}}],"collection":[{"href":"https:\/\/expresxchange.com\/en\/wp-json\/wp\/v2\/pages"}],"about":[{"href":"https:\/\/expresxchange.com\/en\/wp-json\/wp\/v2\/types\/page"}],"author":[{"embeddable":true,"href":"https:\/\/expresxchange.com\/en\/wp-json\/wp\/v2\/users\/1"}],"replies":[{"embeddable":true,"href":"https:\/\/expresxchange.com\/en\/wp-json\/wp\/v2\/comments?post=90"}],"version-history":[{"count":0,"href":"https:\/\/expresxchange.com\/en\/wp-json\/wp\/v2\/pages\/90\/revisions"}],"wp:attachment":[{"href":"https:\/\/expresxchange.com\/en\/wp-json\/wp\/v2\/media?parent=90"}],"curies":[{"name":"wp","href":"https:\/\/api.w.org\/{rel}","templated":true}]}}