{"id":40,"date":"2023-08-30T20:44:10","date_gmt":"2023-08-30T20:44:10","guid":{"rendered":"https:\/\/expresxchange.com\/?page_id=40"},"modified":"2025-07-16T19:27:44","modified_gmt":"2025-07-16T19:27:44","slug":"contact","status":"publish","type":"page","link":"https:\/\/expresxchange.com\/en\/contact\/","title":{"rendered":"Contact us"},"content":{"rendered":"<div data-elementor-type=\"wp-page\" data-elementor-id=\"40\" class=\"elementor elementor-40\" data-elementor-post-type=\"page\">\n\t\t\t\t<section class=\"elementor-element elementor-element-394041f e-con-full e-flex e-con e-parent\" data-id=\"394041f\" data-element_type=\"container\" data-settings=\"{&quot;background_background&quot;:&quot;classic&quot;}\">\n\t\t<div class=\"elementor-element elementor-element-3980568 e-con-full e-flex e-con e-child\" data-id=\"3980568\" data-element_type=\"container\">\n\t\t\t\t<div class=\"elementor-element elementor-element-9b28433 elementor-widget elementor-widget-heading\" data-id=\"9b28433\" data-element_type=\"widget\" data-widget_type=\"heading.default\">\n\t\t\t\t<div class=\"elementor-widget-container\">\n\t\t\t\t\t<h1 class=\"elementor-heading-title elementor-size-default\">Contact<\/h1>\t\t\t\t<\/div>\n\t\t\t\t<\/div>\n\t\t\t\t<div class=\"elementor-element elementor-element-e91e849 elementor-widget__width-initial elementor-widget elementor-widget-heading\" data-id=\"e91e849\" data-element_type=\"widget\" data-widget_type=\"heading.default\">\n\t\t\t\t<div class=\"elementor-widget-container\">\n\t\t\t\t\t<h4 class=\"elementor-heading-title elementor-size-default\">Contact us through our contact form and we will contact you in less than 24 hours to follow up on your request.<\/h4>\t\t\t\t<\/div>\n\t\t\t\t<\/div>\n\t\t\t\t<div class=\"elementor-element elementor-element-71569a0 elementor-widget-divider--view-line elementor-widget elementor-widget-divider\" data-id=\"71569a0\" data-element_type=\"widget\" data-widget_type=\"divider.default\">\n\t\t\t\t<div class=\"elementor-widget-container\">\n\t\t\t\t\t\t\t<div class=\"elementor-divider\">\n\t\t\t<span class=\"elementor-divider-separator\">\n\t\t\t\t\t\t<\/span>\n\t\t<\/div>\n\t\t\t\t\t\t<\/div>\n\t\t\t\t<\/div>\n\t\t<div class=\"elementor-element elementor-element-a1e41b9 e-con-full e-flex e-con e-child\" data-id=\"a1e41b9\" data-element_type=\"container\">\n\t\t<div class=\"elementor-element elementor-element-40b8d71 e-con-full e-flex e-con e-child\" data-id=\"40b8d71\" data-element_type=\"container\">\n\t\t\t\t<div class=\"elementor-element elementor-element-3836b69 elementor-button-align-center elementor-widget elementor-widget-form\" data-id=\"3836b69\" data-element_type=\"widget\" data-settings=\"{&quot;step_next_label&quot;:&quot;Next&quot;,&quot;step_previous_label&quot;:&quot;Previous&quot;,&quot;button_width&quot;:&quot;100&quot;,&quot;step_type&quot;:&quot;number_text&quot;,&quot;step_icon_shape&quot;:&quot;circle&quot;}\" data-no-translation=\"\" data-widget_type=\"form.default\">\n\t\t\t\t<div class=\"elementor-widget-container\">\n\t\t\t\t\t<style>.elementor-element-3836b69{display:none !important}<\/style>\t\t\t\t<\/div>\n\t\t\t\t<\/div>\n\t\t\t\t<div class=\"elementor-element elementor-element-40310ec elementor-button-align-center elementor-widget elementor-widget-form\" data-id=\"40310ec\" data-element_type=\"widget\" data-settings=\"{&quot;step_next_label&quot;:&quot;Next&quot;,&quot;step_previous_label&quot;:&quot;Previous&quot;,&quot;button_width&quot;:&quot;100&quot;,&quot;step_type&quot;:&quot;number_text&quot;,&quot;step_icon_shape&quot;:&quot;circle&quot;}\" data-no-translation=\"\" data-widget_type=\"form.default\">\n\t\t\t\t<div class=\"elementor-widget-container\">\n\t\t\t\t\t\t\t<form class=\"elementor-form\" method=\"post\" name=\"Contacto\" action=\"\">\n\t\t\t<input type=\"hidden\" name=\"post_id\" value=\"40\"\/>\n\t\t\t<input type=\"hidden\" name=\"form_id\" value=\"40310ec\"\/>\n\t\t\t<input type=\"hidden\" name=\"referer_title\" value=\"Expres Xchange\" \/>\n\n\t\t\t\n\t\t\t<div class=\"elementor-form-fields-wrapper elementor-labels-\">\n\t\t\t\t\t\t\t\t<div class=\"elementor-field-type-text elementor-field-group elementor-column elementor-field-group-name elementor-col-100\">\n\t\t\t\t\t\t\t\t\t\t\t\t<label for=\"form-field-name\" class=\"elementor-field-label elementor-screen-only\">\n\t\t\t\t\t\t\t\tNombres\t\t\t\t\t\t\t<\/label>\n\t\t\t\t\t\t\t\t\t\t\t\t\t\t<input size=\"1\" type=\"text\" name=\"form_fields[name]\" id=\"form-field-name\" class=\"elementor-field elementor-size-sm  elementor-field-textual\" placeholder=\"Name\">\n\t\t\t\t\t\t\t\t\t\t\t<\/div>\n\t\t\t\t\t\t\t\t<div class=\"elementor-field-type-email elementor-field-group elementor-column elementor-field-group-email elementor-col-100 elementor-field-required\">\n\t\t\t\t\t\t\t\t\t\t\t\t<label for=\"form-field-email\" class=\"elementor-field-label elementor-screen-only\">\n\t\t\t\t\t\t\t\tEmail\t\t\t\t\t\t\t<\/label>\n\t\t\t\t\t\t\t\t\t\t\t\t\t\t<input size=\"1\" type=\"email\" name=\"form_fields[email]\" id=\"form-field-email\" class=\"elementor-field elementor-size-sm  elementor-field-textual\" placeholder=\"Email\" required=\"required\" aria-required=\"true\">\n\t\t\t\t\t\t\t\t\t\t\t<\/div>\n\t\t\t\t\t\t\t\t<div class=\"elementor-field-type-textarea elementor-field-group elementor-column elementor-field-group-message elementor-col-100\">\n\t\t\t\t\t\t\t\t\t\t\t\t<label for=\"form-field-message\" class=\"elementor-field-label elementor-screen-only\">\n\t\t\t\t\t\t\t\tMensaje\t\t\t\t\t\t\t<\/label>\n\t\t\t\t\t\t<textarea class=\"elementor-field-textual elementor-field  elementor-size-sm\" name=\"form_fields[message]\" id=\"form-field-message\" rows=\"4\" placeholder=\"Message\"><\/textarea>\t\t\t\t<\/div>\n\t\t\t\t\t\t\t\t<div class=\"elementor-field-type-recaptcha_v3 elementor-field-group elementor-column elementor-field-group-field_014c466 elementor-col-100 recaptcha_v3-bottomright\">\n\t\t\t\t\t<div class=\"elementor-field\" id=\"form-field-field_014c466\"><div class=\"elementor-g-recaptcha\" data-sitekey=\"6LfiqIUrAAAAAKTboxO_XdhYuGjBMbg7nk9vnLas\" data-type=\"v3\" data-action=\"Form\" data-badge=\"bottomright\" data-size=\"invisible\"><\/div><\/div>\t\t\t\t<\/div>\n\t\t\t\t\t\t\t\t<div class=\"elementor-field-group elementor-column elementor-field-type-submit elementor-col-100 e-form__buttons\">\n\t\t\t\t\t<button class=\"elementor-button elementor-size-sm elementor-animation-float\" type=\"submit\">\n\t\t\t\t\t\t<span class=\"elementor-button-content-wrapper\">\n\t\t\t\t\t\t\t\t\t\t\t\t\t\t\t\t\t\t\t\t\t\t<span class=\"elementor-button-text\">Send<\/span>\n\t\t\t\t\t\t\t\t\t\t\t\t\t<\/span>\n\t\t\t\t\t<\/button>\n\t\t\t\t<\/div>\n\t\t\t<\/div>\n\t\t<input type=\"hidden\" name=\"trp-form-language\" value=\"en\"\/><\/form>\n\t\t\t\t\t\t<\/div>\n\t\t\t\t<\/div>\n\t\t\t\t<\/div>\n\t\t\t\t<div class=\"elementor-element elementor-element-b614388 elementor-widget-tablet__width-initial elementor-widget elementor-widget-heading\" data-id=\"b614388\" data-element_type=\"widget\" data-widget_type=\"heading.default\">\n\t\t\t\t<div class=\"elementor-widget-container\">\n\t\t\t\t\t<h4 class=\"elementor-heading-title elementor-size-default\">You can also contact us through the following means: <\/h4>\t\t\t\t<\/div>\n\t\t\t\t<\/div>\n\t\t\t\t<div class=\"elementor-element elementor-element-ac9631d elementor-icon-list--layout-inline elementor-align-center elementor-mobile-align-center elementor-list-item-link-full_width elementor-widget elementor-widget-icon-list\" data-id=\"ac9631d\" data-element_type=\"widget\" data-widget_type=\"icon-list.default\">\n\t\t\t\t<div class=\"elementor-widget-container\">\n\t\t\t\t\t\t\t<ul class=\"elementor-icon-list-items elementor-inline-items\">\n\t\t\t\t\t\t\t<li class=\"elementor-icon-list-item elementor-inline-item\">\n\t\t\t\t\t\t\t\t\t\t\t<a href=\"mailto:info@expreschange.com\">\n\n\t\t\t\t\t\t\t\t\t\t\t\t<span class=\"elementor-icon-list-icon\">\n\t\t\t\t\t\t\t<svg xmlns=\"http:\/\/www.w3.org\/2000\/svg\" width=\"52\" height=\"35\" viewbox=\"0 0 52 35\" fill=\"none\"><path d=\"M51.9777 4.06049C51.9777 3.67338 51.9824 3.28472 51.8877 2.90227C51.4348 1.08954 49.978 0.0230447 47.9182 0.0214901C40.6168 0.0183807 33.3154 0.0214901 26.0156 0.0214901C18.7331 0.0214901 11.4507 0.0588018 4.16978 -0.000275138C1.75019 -0.018931 -0.0112408 1.68031 -0.000192456 4.10247C0.0392661 13.0371 0.0140126 21.9701 0.0155909 30.9048C0.0155909 33.4249 1.58446 34.9857 4.12243 34.9873C18.7047 34.9904 33.287 34.9748 47.8693 35.0013C50.3662 35.0059 52.0109 33.2103 51.9982 30.9219C51.9477 21.9686 51.9777 13.0153 51.9761 4.06204L51.9777 4.06049ZM47.7257 2.40789C46.01 3.85061 44.3543 5.24203 42.6971 6.63189C37.2881 11.1699 31.8744 15.7002 26.4796 20.2538C26.0866 20.5849 25.8956 20.5445 25.5295 20.2367C18.5848 14.3959 11.629 8.569 4.67485 2.73748C4.57068 2.65042 4.47125 2.55714 4.30079 2.40789H47.7241H47.7257ZM2.66878 30.6405C2.60723 30.7058 2.56303 30.8099 2.40835 30.7788V4.01385C2.61512 3.95011 2.70508 4.14444 2.82662 4.24705C7.29647 7.98911 11.76 11.7358 16.2283 15.4794C16.4619 15.6753 16.6576 15.7935 16.3325 16.1386C11.7679 20.9627 7.22072 25.8055 2.66878 30.6405ZM4.14611 32.6273C4.12875 32.4128 4.29447 32.3397 4.39233 32.2355C8.94111 27.3943 13.4994 22.5594 18.0387 17.7104C18.3591 17.3684 18.5248 17.3932 18.8626 17.6808C20.916 19.4329 22.9915 21.1602 25.0607 22.8936C25.7425 23.4657 26.2587 23.4735 26.9452 22.9014C29.0618 21.1322 31.1783 19.363 33.2823 17.5782C33.5316 17.3668 33.6484 17.3668 33.8741 17.6062C38.5129 22.5516 43.1611 27.4876 47.8062 32.4268C47.844 32.4672 47.8677 32.5216 47.9356 32.6258H4.14769L4.14611 32.6273ZM49.5707 30.8768C44.8184 25.8257 40.126 20.8384 35.3988 15.8137C40.1039 11.8664 44.801 7.92537 49.5707 3.92368V30.8768Z\" fill=\"#FEFEFE\"><\/path><\/svg>\t\t\t\t\t\t<\/span>\n\t\t\t\t\t\t\t\t\t\t<span class=\"elementor-icon-list-text\">info@expreschange.com<\/span>\n\t\t\t\t\t\t\t\t\t\t\t<\/a>\n\t\t\t\t\t\t\t\t\t<\/li>\n\t\t\t\t\t\t\t\t<li class=\"elementor-icon-list-item elementor-inline-item\">\n\t\t\t\t\t\t\t\t\t\t\t<a href=\"tel:+52%20998%20887%209662\">\n\n\t\t\t\t\t\t\t\t\t\t\t\t<span class=\"elementor-icon-list-icon\">\n\t\t\t\t\t\t\t<svg xmlns=\"http:\/\/www.w3.org\/2000\/svg\" width=\"40\" height=\"40\" viewbox=\"0 0 40 40\" fill=\"none\"><path d=\"M37.3629 28.1717C35.8042 26.6363 34.3276 25.0166 32.6913 23.562C31.912 22.8697 30.9686 22.5916 29.9221 22.6669C28.7614 22.75 27.8678 23.3471 27.073 24.1337C26.246 24.9513 25.4245 25.7733 24.6008 26.5931C24.4878 26.7061 24.4046 26.8379 24.1951 26.7127C23.6441 26.387 23.0555 26.1278 22.5167 25.7755C20.5977 24.5159 18.8694 23.0303 17.303 21.3575C15.7399 19.688 14.291 17.931 13.2733 15.8582C13.1546 15.6156 13.1779 15.4937 13.3675 15.3143C14.4195 14.3172 15.4805 13.3268 16.4106 12.2112C17.6467 10.729 17.6555 8.61743 16.3696 7.17726C14.639 5.23745 12.7888 3.40842 10.882 1.64476C9.10497 0.000743032 7.1084 -0.0059042 5.27147 1.5506C4.02985 2.60192 2.94787 3.82718 1.81268 4.99262C0.963496 5.86559 0.445785 6.92024 0.180832 8.10562C0.126511 8.34712 0.184158 8.61965 -0.000976562 8.82903V9.32091C0.102122 9.34085 0.0788419 9.41396 0.0688645 9.48265C0.0688645 9.56463 0.067756 9.6455 0.0666474 9.72748C0.0666474 9.81167 0.0666474 9.89587 0.067756 9.97896C0.067756 10.0343 0.067756 10.0886 0.067756 10.144C0.067756 10.226 0.067756 10.3069 0.0688645 10.3889C0.0788419 10.4575 0.105448 10.5329 -0.000976562 10.5506V10.8785C0.164203 10.9871 0.1121 11.1732 0.129837 11.3183C0.307211 12.805 0.730692 14.2286 1.25505 15.6211C3.11083 20.5521 6.05635 24.7928 9.61825 28.6259C12.5604 31.7921 15.9261 34.4387 19.7108 36.5325C22.7572 38.2175 25.9012 39.651 29.442 39.959C31.4708 40.1363 33.3443 39.7275 34.8331 38.305C36.1058 37.0897 37.3851 35.8667 38.5203 34.514C39.8062 32.9819 39.7674 30.8438 38.4582 29.3327C38.109 28.9306 37.742 28.5417 37.3629 28.1684V28.1717ZM36.6612 33.0395C36.4949 33.2555 36.302 33.4505 36.1102 33.6455C35.2777 34.4952 34.413 35.3128 33.6126 36.1946C32.5439 37.3711 31.1803 37.729 29.636 37.5916C27.1583 37.3711 24.8924 36.486 22.6907 35.4036C17.7531 32.9753 13.5282 29.6307 9.97965 25.4354C7.3013 22.2692 5.05862 18.8338 3.56092 14.9409C2.8869 13.1872 2.46785 11.4202 2.43792 9.71086C2.36364 8.4712 2.85697 7.24483 3.92675 6.22785C4.82915 5.3715 5.68941 4.47083 6.57296 3.59454C7.60838 2.56758 8.4753 2.56869 9.50517 3.59786C11.0439 5.13442 12.5793 6.67319 14.1158 8.21197C14.2411 8.33715 14.3641 8.46677 14.4772 8.60414C15.108 9.36965 15.1146 10.1108 14.4439 10.8486C13.4961 11.8911 12.4762 12.8637 11.4507 13.8298C10.5306 14.6961 10.4131 15.3541 10.933 16.5041C11.9917 18.8493 13.5593 20.839 15.2865 22.7146C17.2487 24.8471 19.4204 26.7327 21.9236 28.2138C22.4624 28.5329 23.0233 28.8165 23.5843 29.099C24.4035 29.5122 25.1529 29.3914 25.8325 28.7245C26.7792 27.7951 27.7115 26.8523 28.6516 25.9162C28.7869 25.781 28.9221 25.6437 29.0673 25.5207C29.8345 24.8682 30.646 24.8793 31.3754 25.5783C32.0949 26.2696 32.7922 26.9841 33.4995 27.6898C34.3897 28.5783 35.2799 29.4679 36.169 30.3586C36.3231 30.5137 36.4749 30.6721 36.6146 30.8394C37.2033 31.5451 37.2221 32.3128 36.6612 33.0406V33.0395Z\" fill=\"#FEFEFE\"><\/path><\/svg>\t\t\t\t\t\t<\/span>\n\t\t\t\t\t\t\t\t\t\t<span class=\"elementor-icon-list-text\">+52 998 887 9662<\/span>\n\t\t\t\t\t\t\t\t\t\t\t<\/a>\n\t\t\t\t\t\t\t\t\t<\/li>\n\t\t\t\t\t\t<\/ul>\n\t\t\t\t\t\t<\/div>\n\t\t\t\t<\/div>\n\t\t\t\t<\/div>\n\t\t\t\t<\/div>\n\t\t\t\t<\/section>\n\t\t\t\t<\/div>","protected":false},"excerpt":{"rendered":"<p>Contacto Cont\u00e1ctanos por medio de nuestro formulario y te contactaremos en menos de 24 hrs para dar seguimiento a tu solicitud. Tambi\u00e9n puedes contactarnos a trav\u00e9s de los siguientes medios: info@expreschange.com +52 998 887 9662<\/p>","protected":false},"author":1,"featured_media":0,"parent":0,"menu_order":0,"comment_status":"closed","ping_status":"closed","template":"","meta":{"site-sidebar-layout":"no-sidebar","site-content-layout":"","ast-site-content-layout":"full-width-container","site-content-style":"default","site-sidebar-style":"default","ast-global-header-display":"","ast-banner-title-visibility":"","ast-main-header-display":"","ast-hfb-above-header-display":"","ast-hfb-below-header-display":"","ast-hfb-mobile-header-display":"","site-post-title":"disabled","ast-breadcrumbs-content":"","ast-featured-img":"disabled","footer-sml-layout":"","theme-transparent-header-meta":"default","adv-header-id-meta":"","stick-header-meta":"","header-above-stick-meta":"","header-main-stick-meta":"","header-below-stick-meta":"","astra-migrate-meta-layouts":"set","ast-page-background-enabled":"default","ast-page-background-meta":{"desktop":{"background-color":"var(--ast-global-color-4)","background-image":"","background-repeat":"repeat","background-position":"center center","background-size":"auto","background-attachment":"scroll","background-type":"","background-media":"","overlay-type":"","overlay-color":"","overlay-opacity":"","overlay-gradient":""},"tablet":{"background-color":"","background-image":"","background-repeat":"repeat","background-position":"center center","background-size":"auto","background-attachment":"scroll","background-type":"","background-media":"","overlay-type":"","overlay-color":"","overlay-opacity":"","overlay-gradient":""},"mobile":{"background-color":"","background-image":"","background-repeat":"repeat","background-position":"center center","background-size":"auto","background-attachment":"scroll","background-type":"","background-media":"","overlay-type":"","overlay-color":"","overlay-opacity":"","overlay-gradient":""}},"ast-content-background-meta":{"desktop":{"background-color":"var(--ast-global-color-5)","background-image":"","background-repeat":"repeat","background-position":"center center","background-size":"auto","background-attachment":"scroll","background-type":"","background-media":"","overlay-type":"","overlay-color":"","overlay-opacity":"","overlay-gradient":""},"tablet":{"background-color":"var(--ast-global-color-5)","background-image":"","background-repeat":"repeat","background-position":"center center","background-size":"auto","background-attachment":"scroll","background-type":"","background-media":"","overlay-type":"","overlay-color":"","overlay-opacity":"","overlay-gradient":""},"mobile":{"background-color":"var(--ast-global-color-5)","background-image":"","background-repeat":"repeat","background-position":"center center","background-size":"auto","background-attachment":"scroll","background-type":"","background-media":"","overlay-type":"","overlay-color":"","overlay-opacity":"","overlay-gradient":""}},"footnotes":""},"class_list":["post-40","page","type-page","status-publish","hentry"],"yoast_head":"<!-- This site is optimized with the Yoast SEO plugin v25.5 - https:\/\/yoast.com\/wordpress\/plugins\/seo\/ -->\n<title>Contacto | Expres Xchange<\/title>\n<meta name=\"description\" content=\"Cont\u00e1ctanos para mayor informaci\u00f3n, estamos a tu servicio.\" \/>\n<meta name=\"robots\" content=\"index, follow, max-snippet:-1, max-image-preview:large, max-video-preview:-1\" \/>\n<link rel=\"canonical\" href=\"https:\/\/expresxchange.com\/en\/contact\/\" \/>\n<meta property=\"og:locale\" content=\"en_US\" \/>\n<meta property=\"og:type\" content=\"article\" \/>\n<meta property=\"og:title\" content=\"Contacto | Expres Xchange\" \/>\n<meta property=\"og:description\" content=\"Cont\u00e1ctanos para mayor informaci\u00f3n, estamos a tu servicio.\" \/>\n<meta property=\"og:url\" content=\"https:\/\/expresxchange.com\/en\/contact\/\" \/>\n<meta property=\"og:site_name\" content=\"Expres Xchange\" \/>\n<meta property=\"article:modified_time\" content=\"2025-07-16T19:27:44+00:00\" \/>\n<meta name=\"twitter:card\" content=\"summary_large_image\" \/>\n<meta name=\"twitter:title\" content=\"Contacto | Expres Xchange\" \/>\n<meta name=\"twitter:description\" content=\"Cont\u00e1ctanos para mayor informaci\u00f3n, estamos a tu servicio.\" \/>\n<meta name=\"twitter:label1\" content=\"Est. reading time\" \/>\n\t<meta name=\"twitter:data1\" content=\"1 minute\" \/>\n<script type=\"application\/ld+json\" class=\"yoast-schema-graph\">{\"@context\":\"https:\/\/schema.org\",\"@graph\":[{\"@type\":\"WebPage\",\"@id\":\"https:\/\/expresxchange.com\/contacto\/\",\"url\":\"https:\/\/expresxchange.com\/contacto\/\",\"name\":\"Contacto | Expres Xchange\",\"isPartOf\":{\"@id\":\"https:\/\/expresxchange.com\/#website\"},\"datePublished\":\"2023-08-30T20:44:10+00:00\",\"dateModified\":\"2025-07-16T19:27:44+00:00\",\"description\":\"Cont\u00e1ctanos para mayor informaci\u00f3n, estamos a tu servicio.\",\"breadcrumb\":{\"@id\":\"https:\/\/expresxchange.com\/contacto\/#breadcrumb\"},\"inLanguage\":\"en-US\",\"potentialAction\":[{\"@type\":\"ReadAction\",\"target\":[\"https:\/\/expresxchange.com\/contacto\/\"]}]},{\"@type\":\"BreadcrumbList\",\"@id\":\"https:\/\/expresxchange.com\/contacto\/#breadcrumb\",\"itemListElement\":[{\"@type\":\"ListItem\",\"position\":1,\"name\":\"Inicio\",\"item\":\"https:\/\/expresxchange.com\/\"},{\"@type\":\"ListItem\",\"position\":2,\"name\":\"Cont\u00e1ctanos\"}]},{\"@type\":\"WebSite\",\"@id\":\"https:\/\/expresxchange.com\/#website\",\"url\":\"https:\/\/expresxchange.com\/\",\"name\":\"Expres Xchange\",\"description\":\"\",\"potentialAction\":[{\"@type\":\"SearchAction\",\"target\":{\"@type\":\"EntryPoint\",\"urlTemplate\":\"https:\/\/expresxchange.com\/?s={search_term_string}\"},\"query-input\":{\"@type\":\"PropertyValueSpecification\",\"valueRequired\":true,\"valueName\":\"search_term_string\"}}],\"inLanguage\":\"en-US\"}]}<\/script>\n<!-- \/ Yoast SEO plugin. -->","yoast_head_json":{"title":"Contact | Expres Xchange","description":"Contact us for more information, we are at your service.","robots":{"index":"index","follow":"follow","max-snippet":"max-snippet:-1","max-image-preview":"max-image-preview:large","max-video-preview":"max-video-preview:-1"},"canonical":"https:\/\/expresxchange.com\/en\/contact\/","og_locale":"en_US","og_type":"article","og_title":"Contacto | Expres Xchange","og_description":"Cont\u00e1ctanos para mayor informaci\u00f3n, estamos a tu servicio.","og_url":"https:\/\/expresxchange.com\/en\/contact\/","og_site_name":"Expres Xchange","article_modified_time":"2025-07-16T19:27:44+00:00","twitter_card":"summary_large_image","twitter_title":"Contacto | Expres Xchange","twitter_description":"Cont\u00e1ctanos para mayor informaci\u00f3n, estamos a tu servicio.","twitter_misc":{"Est. reading time":"1 minute"},"schema":{"@context":"https:\/\/schema.org","@graph":[{"@type":"WebPage","@id":"https:\/\/expresxchange.com\/contacto\/","url":"https:\/\/expresxchange.com\/contacto\/","name":"Contact | Expres Xchange","isPartOf":{"@id":"https:\/\/expresxchange.com\/#website"},"datePublished":"2023-08-30T20:44:10+00:00","dateModified":"2025-07-16T19:27:44+00:00","description":"Contact us for more information, we are at your service.","breadcrumb":{"@id":"https:\/\/expresxchange.com\/contacto\/#breadcrumb"},"inLanguage":"en-US","potentialAction":[{"@type":"ReadAction","target":["https:\/\/expresxchange.com\/contacto\/"]}]},{"@type":"BreadcrumbList","@id":"https:\/\/expresxchange.com\/contacto\/#breadcrumb","itemListElement":[{"@type":"ListItem","position":1,"name":"Inicio","item":"https:\/\/expresxchange.com\/"},{"@type":"ListItem","position":2,"name":"Cont\u00e1ctanos"}]},{"@type":"WebSite","@id":"https:\/\/expresxchange.com\/#website","url":"https:\/\/expresxchange.com\/","name":"Expres Xchange","description":"","potentialAction":[{"@type":"SearchAction","target":{"@type":"EntryPoint","urlTemplate":"https:\/\/expresxchange.com\/?s={search_term_string}"},"query-input":{"@type":"PropertyValueSpecification","valueRequired":true,"valueName":"search_term_string"}}],"inLanguage":"en-US"}]}},"_links":{"self":[{"href":"https:\/\/expresxchange.com\/en\/wp-json\/wp\/v2\/pages\/40","targetHints":{"allow":["GET"]}}],"collection":[{"href":"https:\/\/expresxchange.com\/en\/wp-json\/wp\/v2\/pages"}],"about":[{"href":"https:\/\/expresxchange.com\/en\/wp-json\/wp\/v2\/types\/page"}],"author":[{"embeddable":true,"href":"https:\/\/expresxchange.com\/en\/wp-json\/wp\/v2\/users\/1"}],"replies":[{"embeddable":true,"href":"https:\/\/expresxchange.com\/en\/wp-json\/wp\/v2\/comments?post=40"}],"version-history":[{"count":0,"href":"https:\/\/expresxchange.com\/en\/wp-json\/wp\/v2\/pages\/40\/revisions"}],"wp:attachment":[{"href":"https:\/\/expresxchange.com\/en\/wp-json\/wp\/v2\/media?parent=40"}],"curies":[{"name":"wp","href":"https:\/\/api.w.org\/{rel}","templated":true}]}}