{"id":36,"date":"2023-08-30T20:43:02","date_gmt":"2023-08-30T20:43:02","guid":{"rendered":"https:\/\/expresxchange.com\/?page_id=36"},"modified":"2023-11-02T16:53:48","modified_gmt":"2023-11-02T16:53:48","slug":"exchange-currency","status":"publish","type":"page","link":"https:\/\/expresxchange.com\/en\/exchange-currency\/","title":{"rendered":"About us"},"content":{"rendered":"<div data-elementor-type=\"wp-page\" data-elementor-id=\"36\" class=\"elementor elementor-36\" data-elementor-post-type=\"page\">\n\t\t\t\t<section class=\"elementor-element elementor-element-1832cb6 e-con-full e-flex e-con e-parent\" data-id=\"1832cb6\" data-element_type=\"container\" data-settings=\"{&quot;background_background&quot;:&quot;classic&quot;}\">\n\t\t<div class=\"elementor-element elementor-element-4996d61 e-con-full e-flex e-con e-child\" data-id=\"4996d61\" data-element_type=\"container\">\n\t\t\t\t<div class=\"elementor-element elementor-element-1fd0509 elementor-widget elementor-widget-heading\" data-id=\"1fd0509\" data-element_type=\"widget\" data-widget_type=\"heading.default\">\n\t\t\t\t<div class=\"elementor-widget-container\">\n\t\t\t\t\t<h1 class=\"elementor-heading-title elementor-size-default\">THE SPEED OF CHANGE IN YOUR CURRENCIES<\/h1>\t\t\t\t<\/div>\n\t\t\t\t<\/div>\n\t\t\t\t<div class=\"elementor-element elementor-element-a48ac5e elementor-widget elementor-widget-heading\" data-id=\"a48ac5e\" data-element_type=\"widget\" data-widget_type=\"heading.default\">\n\t\t\t\t<div class=\"elementor-widget-container\">\n\t\t\t\t\t<h4 class=\"elementor-heading-title elementor-size-default translation-block\">We have the <strong>best exchange rate in the market<\/strong>, find your nearest location.<\/h4>\t\t\t\t<\/div>\n\t\t\t\t<\/div>\n\t\t\t\t<\/div>\n\t\t\t\t<\/section>\n\t\t<section class=\"elementor-element elementor-element-b0a3718 e-con-full e-flex e-con e-parent\" data-id=\"b0a3718\" data-element_type=\"container\">\n\t\t<div class=\"elementor-element elementor-element-0154b2e e-con-full e-flex e-con e-child\" data-id=\"0154b2e\" data-element_type=\"container\">\n\t\t<div class=\"elementor-element elementor-element-6c243d4 e-con-full e-flex e-con e-child\" data-id=\"6c243d4\" data-element_type=\"container\">\n\t\t\t\t<div class=\"elementor-element elementor-element-36022d2 elementor-widget elementor-widget-image\" data-id=\"36022d2\" data-element_type=\"widget\" data-widget_type=\"image.default\">\n\t\t\t\t<div class=\"elementor-widget-container\">\n\t\t\t\t\t\t\t\t\t\t\t\t\t\t\t<img fetchpriority=\"high\" decoding=\"async\" width=\"1111\" height=\"506\" src=\"https:\/\/expresxchange.com\/wp-content\/uploads\/2023\/08\/logo-expres-xchange-01-1-e1693426771150.png\" class=\"attachment-full size-full wp-image-32\" alt=\"\" srcset=\"https:\/\/expresxchange.com\/wp-content\/uploads\/2023\/08\/logo-expres-xchange-01-1-e1693426771150.png 1111w, https:\/\/expresxchange.com\/wp-content\/uploads\/2023\/08\/logo-expres-xchange-01-1-e1693426771150-300x137.png 300w, https:\/\/expresxchange.com\/wp-content\/uploads\/2023\/08\/logo-expres-xchange-01-1-e1693426771150-1024x466.png 1024w, https:\/\/expresxchange.com\/wp-content\/uploads\/2023\/08\/logo-expres-xchange-01-1-e1693426771150-768x350.png 768w, https:\/\/expresxchange.com\/wp-content\/uploads\/2023\/08\/logo-expres-xchange-01-1-e1693426771150-18x8.png 18w\" sizes=\"(max-width: 1111px) 100vw, 1111px\" \/>\t\t\t\t\t\t\t\t\t\t\t\t\t\t\t<\/div>\n\t\t\t\t<\/div>\n\t\t\t\t<\/div>\n\t\t\t\t<div class=\"elementor-element elementor-element-25a6ac1 animated-slow elementor-invisible elementor-widget elementor-widget-heading\" data-id=\"25a6ac1\" data-element_type=\"widget\" data-settings=\"{&quot;_animation&quot;:&quot;fadeIn&quot;}\" data-widget_type=\"heading.default\">\n\t\t\t\t<div class=\"elementor-widget-container\">\n\t\t\t\t\t<h2 class=\"elementor-heading-title elementor-size-default\">WHO ARE WE?<\/h2>\t\t\t\t<\/div>\n\t\t\t\t<\/div>\n\t\t\t\t<div class=\"elementor-element elementor-element-b9a169f elementor-widget elementor-widget-heading\" data-id=\"b9a169f\" data-element_type=\"widget\" data-widget_type=\"heading.default\">\n\t\t\t\t<div class=\"elementor-widget-container\">\n\t\t\t\t\t<p class=\"elementor-heading-title elementor-size-default\">We are the exchange center closest to you, we have different currencies such as dollar and euro, providing our services to companies and end users.\nOur mission is to be the best currency exchange center in Mexico with a focus on the quality of service we offer to our customers, seeking to elevate the foreign exchange experience.<\/p>\t\t\t\t<\/div>\n\t\t\t\t<\/div>\n\t\t\t\t<\/div>\n\t\t\t\t<\/section>\n\t\t<section class=\"elementor-element elementor-element-83e14b8 e-con-full e-flex e-con e-parent\" data-id=\"83e14b8\" data-element_type=\"container\" data-settings=\"{&quot;background_background&quot;:&quot;classic&quot;}\">\n\t\t<div class=\"elementor-element elementor-element-6df5440 e-con-full e-flex e-con e-child\" data-id=\"6df5440\" data-element_type=\"container\">\n\t\t\t\t<div class=\"elementor-element elementor-element-1fac502 elementor-widget__width-auto elementor-widget elementor-widget-heading\" data-id=\"1fac502\" data-element_type=\"widget\" data-widget_type=\"heading.default\">\n\t\t\t\t<div class=\"elementor-widget-container\">\n\t\t\t\t\t<h2 class=\"elementor-heading-title elementor-size-default\">OUR BUSINESS PHILOSOPHY<\/h2>\t\t\t\t<\/div>\n\t\t\t\t<\/div>\n\t\t\t\t<div class=\"elementor-element elementor-element-95c0255 elementor-widget-divider--view-line elementor-widget elementor-widget-divider\" data-id=\"95c0255\" data-element_type=\"widget\" data-widget_type=\"divider.default\">\n\t\t\t\t<div class=\"elementor-widget-container\">\n\t\t\t\t\t\t\t<div class=\"elementor-divider\">\n\t\t\t<span class=\"elementor-divider-separator\">\n\t\t\t\t\t\t<\/span>\n\t\t<\/div>\n\t\t\t\t\t\t<\/div>\n\t\t\t\t<\/div>\n\t\t<div class=\"elementor-element elementor-element-14ce2fa e-con-full e-flex e-con e-child\" data-id=\"14ce2fa\" data-element_type=\"container\">\n\t\t<div class=\"elementor-element elementor-element-c700bd3 e-con-full e-flex e-con e-child\" data-id=\"c700bd3\" data-element_type=\"container\" data-settings=\"{&quot;background_background&quot;:&quot;classic&quot;}\">\n\t\t\t\t<div class=\"elementor-element elementor-element-b56c129 elementor-widget elementor-widget-heading\" data-id=\"b56c129\" data-element_type=\"widget\" data-widget_type=\"heading.default\">\n\t\t\t\t<div class=\"elementor-widget-container\">\n\t\t\t\t\t<h4 class=\"elementor-heading-title elementor-size-default\">Excellence<\/h4>\t\t\t\t<\/div>\n\t\t\t\t<\/div>\n\t\t\t\t<div class=\"elementor-element elementor-element-49a4c67 elementor-widget elementor-widget-heading\" data-id=\"49a4c67\" data-element_type=\"widget\" data-widget_type=\"heading.default\">\n\t\t\t\t<div class=\"elementor-widget-container\">\n\t\t\t\t\t<p class=\"elementor-heading-title elementor-size-default\">We measure our success by the benefit granted to our clients in each of their transactions.<\/p>\t\t\t\t<\/div>\n\t\t\t\t<\/div>\n\t\t\t\t<\/div>\n\t\t<div class=\"elementor-element elementor-element-e1430a8 e-con-full e-flex e-con e-child\" data-id=\"e1430a8\" data-element_type=\"container\" data-settings=\"{&quot;background_background&quot;:&quot;classic&quot;}\">\n\t\t\t\t<div class=\"elementor-element elementor-element-5529a26 elementor-widget elementor-widget-heading\" data-id=\"5529a26\" data-element_type=\"widget\" data-widget_type=\"heading.default\">\n\t\t\t\t<div class=\"elementor-widget-container\">\n\t\t\t\t\t<h4 class=\"elementor-heading-title elementor-size-default\">Customer focus<\/h4>\t\t\t\t<\/div>\n\t\t\t\t<\/div>\n\t\t\t\t<div class=\"elementor-element elementor-element-5a4e05d elementor-widget elementor-widget-heading\" data-id=\"5a4e05d\" data-element_type=\"widget\" data-widget_type=\"heading.default\">\n\t\t\t\t<div class=\"elementor-widget-container\">\n\t\t\t\t\t<p class=\"elementor-heading-title elementor-size-default\">The most important thing is our client and we stand out by offering the most favorable exchange rate, demonstrating agility and quality in each service provided.<\/p>\t\t\t\t<\/div>\n\t\t\t\t<\/div>\n\t\t\t\t<\/div>\n\t\t<div class=\"elementor-element elementor-element-39de30a e-con-full e-flex e-con e-child\" data-id=\"39de30a\" data-element_type=\"container\" data-settings=\"{&quot;background_background&quot;:&quot;classic&quot;}\">\n\t\t\t\t<div class=\"elementor-element elementor-element-4ab3eb5 elementor-widget elementor-widget-heading\" data-id=\"4ab3eb5\" data-element_type=\"widget\" data-widget_type=\"heading.default\">\n\t\t\t\t<div class=\"elementor-widget-container\">\n\t\t\t\t\t<h4 class=\"elementor-heading-title elementor-size-default\">Responsibility<\/h4>\t\t\t\t<\/div>\n\t\t\t\t<\/div>\n\t\t\t\t<div class=\"elementor-element elementor-element-7badc21 elementor-widget elementor-widget-heading\" data-id=\"7badc21\" data-element_type=\"widget\" data-widget_type=\"heading.default\">\n\t\t\t\t<div class=\"elementor-widget-container\">\n\t\t\t\t\t<p class=\"elementor-heading-title elementor-size-default\">To provide a high quality service to each of our customers. Our commitment is with the satisfaction and welfare of those who trust us.<\/p>\t\t\t\t<\/div>\n\t\t\t\t<\/div>\n\t\t\t\t<\/div>\n\t\t\t\t<\/div>\n\t\t\t\t<\/div>\n\t\t\t\t<\/section>\n\t\t<section class=\"elementor-element elementor-element-4f16cb9 e-con-full e-flex e-con e-parent\" data-id=\"4f16cb9\" data-element_type=\"container\">\n\t\t<div class=\"elementor-element elementor-element-482cb2f e-con-full e-flex e-con e-child\" data-id=\"482cb2f\" data-element_type=\"container\">\n\t\t<div class=\"elementor-element elementor-element-9af21e8 e-con-full e-flex e-con e-child\" data-id=\"9af21e8\" data-element_type=\"container\">\n\t\t\t\t<div class=\"elementor-element elementor-element-0ab434f elementor-widget__width-auto elementor-widget elementor-widget-heading\" data-id=\"0ab434f\" data-element_type=\"widget\" data-widget_type=\"heading.default\">\n\t\t\t\t<div class=\"elementor-widget-container\">\n\t\t\t\t\t<h3 class=\"elementor-heading-title elementor-size-default\">WHY<\/h3>\t\t\t\t<\/div>\n\t\t\t\t<\/div>\n\t\t\t\t<div class=\"elementor-element elementor-element-86c2e42 elementor-widget__width-initial elementor-widget elementor-widget-image\" data-id=\"86c2e42\" data-element_type=\"widget\" data-widget_type=\"image.default\">\n\t\t\t\t<div class=\"elementor-widget-container\">\n\t\t\t\t\t\t\t\t\t\t\t\t\t\t\t<img fetchpriority=\"high\" decoding=\"async\" width=\"1111\" height=\"506\" src=\"https:\/\/expresxchange.com\/wp-content\/uploads\/2023\/08\/logo-expres-xchange-01-1-e1693426771150.png\" class=\"attachment-full size-full wp-image-32\" alt=\"\" srcset=\"https:\/\/expresxchange.com\/wp-content\/uploads\/2023\/08\/logo-expres-xchange-01-1-e1693426771150.png 1111w, https:\/\/expresxchange.com\/wp-content\/uploads\/2023\/08\/logo-expres-xchange-01-1-e1693426771150-300x137.png 300w, https:\/\/expresxchange.com\/wp-content\/uploads\/2023\/08\/logo-expres-xchange-01-1-e1693426771150-1024x466.png 1024w, https:\/\/expresxchange.com\/wp-content\/uploads\/2023\/08\/logo-expres-xchange-01-1-e1693426771150-768x350.png 768w, https:\/\/expresxchange.com\/wp-content\/uploads\/2023\/08\/logo-expres-xchange-01-1-e1693426771150-18x8.png 18w\" sizes=\"(max-width: 1111px) 100vw, 1111px\" \/>\t\t\t\t\t\t\t\t\t\t\t\t\t\t\t<\/div>\n\t\t\t\t<\/div>\n\t\t\t\t<div class=\"elementor-element elementor-element-f47b36f elementor-widget__width-auto elementor-widget elementor-widget-heading\" data-id=\"f47b36f\" data-element_type=\"widget\" data-widget_type=\"heading.default\">\n\t\t\t\t<div class=\"elementor-widget-container\">\n\t\t\t\t\t<h3 class=\"elementor-heading-title elementor-size-default\">?<\/h3>\t\t\t\t<\/div>\n\t\t\t\t<\/div>\n\t\t<div class=\"elementor-element elementor-element-461bfb9 e-flex e-con-boxed e-con e-child\" data-id=\"461bfb9\" data-element_type=\"container\">\n\t\t\t\t\t<div class=\"e-con-inner\">\n\t\t\t\t<div class=\"elementor-element elementor-element-0dffbbc elementor-widget elementor-widget-heading\" data-id=\"0dffbbc\" data-element_type=\"widget\" data-widget_type=\"heading.default\">\n\t\t\t\t<div class=\"elementor-widget-container\">\n\t\t\t\t\t<p class=\"elementor-heading-title elementor-size-default translation-block\">We are the <strong>exchange center in Mexico<\/strong> that seeks to offer the most favorable exchange rate in the market, with a focus on quality and customer service. \nthe most favorable exchange rate in the market, with a focus on quality and customer service.<\/p>\t\t\t\t<\/div>\n\t\t\t\t<\/div>\n\t\t\t\t\t<\/div>\n\t\t\t\t<\/div>\n\t\t\t\t<\/div>\n\t\t\t\t<\/div>\n\t\t\t\t<\/section>\n\t\t<section class=\"elementor-element elementor-element-da9b3be e-con-full animated-slow e-flex elementor-invisible e-con e-parent\" data-id=\"da9b3be\" data-element_type=\"container\" data-settings=\"{&quot;background_background&quot;:&quot;classic&quot;,&quot;animation&quot;:&quot;fadeInLeft&quot;}\">\n\t\t<div class=\"elementor-element elementor-element-cb5448c e-con-full e-flex e-con e-child\" data-id=\"cb5448c\" data-element_type=\"container\">\n\t\t<div class=\"elementor-element elementor-element-2622f82 e-con-full e-flex e-con e-child\" data-id=\"2622f82\" data-element_type=\"container\">\n\t\t\t\t<div class=\"elementor-element elementor-element-20dba70 elementor-widget elementor-widget-heading\" data-id=\"20dba70\" data-element_type=\"widget\" data-widget_type=\"heading.default\">\n\t\t\t\t<div class=\"elementor-widget-container\">\n\t\t\t\t\t<h3 class=\"elementor-heading-title elementor-size-default\">We are Expres<\/h3>\t\t\t\t<\/div>\n\t\t\t\t<\/div>\n\t\t\t\t<\/div>\n\t\t<div class=\"elementor-element elementor-element-7d61925 e-con-full e-flex e-con e-child\" data-id=\"7d61925\" data-element_type=\"container\">\n\t\t\t\t<div class=\"elementor-element elementor-element-079c9e3 elementor-widget elementor-widget-heading\" data-id=\"079c9e3\" data-element_type=\"widget\" data-widget_type=\"heading.default\">\n\t\t\t\t<div class=\"elementor-widget-container\">\n\t\t\t\t\t<p class=\"elementor-heading-title elementor-size-default translation-block\">Our commitment is to be close to you, providing an <strong>efficient, fast and hassle-free service<\/strong>, so that you have the best experience.<\/p>\t\t\t\t<\/div>\n\t\t\t\t<\/div>\n\t\t\t\t<\/div>\n\t\t\t\t<\/div>\n\t\t\t\t<\/section>\n\t\t<section class=\"elementor-element elementor-element-c6a20ce e-con-full animated-slow e-flex elementor-invisible e-con e-parent\" data-id=\"c6a20ce\" data-element_type=\"container\" data-settings=\"{&quot;background_background&quot;:&quot;classic&quot;,&quot;animation&quot;:&quot;fadeInRight&quot;}\">\n\t\t<div class=\"elementor-element elementor-element-4980b3d e-con-full e-flex e-con e-child\" data-id=\"4980b3d\" data-element_type=\"container\">\n\t\t<div class=\"elementor-element elementor-element-416d9f9 e-con-full e-flex e-con e-child\" data-id=\"416d9f9\" data-element_type=\"container\">\n\t\t\t\t<div class=\"elementor-element elementor-element-b3e0c17 elementor-widget elementor-widget-heading\" data-id=\"b3e0c17\" data-element_type=\"widget\" data-widget_type=\"heading.default\">\n\t\t\t\t<div class=\"elementor-widget-container\">\n\t\t\t\t\t<h3 class=\"elementor-heading-title elementor-size-default\">We are Xchange<\/h3>\t\t\t\t<\/div>\n\t\t\t\t<\/div>\n\t\t\t\t<\/div>\n\t\t<div class=\"elementor-element elementor-element-009811e e-con-full e-flex e-con e-child\" data-id=\"009811e\" data-element_type=\"container\">\n\t\t\t\t<div class=\"elementor-element elementor-element-6a6c9fb elementor-widget elementor-widget-heading\" data-id=\"6a6c9fb\" data-element_type=\"widget\" data-widget_type=\"heading.default\">\n\t\t\t\t<div class=\"elementor-widget-container\">\n\t\t\t\t\t<p class=\"elementor-heading-title elementor-size-default translation-block\">We seek to be recognized nationally and internationally as a <strong>exchange center that offers confidence and satisfaction to our customers<\/strong>.<\/p>\t\t\t\t<\/div>\n\t\t\t\t<\/div>\n\t\t\t\t<\/div>\n\t\t\t\t<\/div>\n\t\t\t\t<\/section>\n\t\t\t\t<\/div>","protected":false},"excerpt":{"rendered":"<p>LA VELOCIDAD DEL CAMBIO EN TUS DIVISAS Contamos con el mejor tipo de cambio en el mercado, encuentra tu ubicaci\u00f3n m\u00e1s cercana. \u00bfQUI\u00c9NES SOMOS? Somos el centro cambiario m\u00e1s cercano a ti, contamos con diferentes divisas como d\u00f3lar y euro, prestando nuestros servicios a empresas y a usuarios finales. Nuestra misi\u00f3n es ser el mejor [&hellip;]<\/p>","protected":false},"author":1,"featured_media":0,"parent":0,"menu_order":0,"comment_status":"closed","ping_status":"closed","template":"","meta":{"site-sidebar-layout":"no-sidebar","site-content-layout":"","ast-site-content-layout":"full-width-container","site-content-style":"default","site-sidebar-style":"default","ast-global-header-display":"","ast-banner-title-visibility":"","ast-main-header-display":"","ast-hfb-above-header-display":"","ast-hfb-below-header-display":"","ast-hfb-mobile-header-display":"","site-post-title":"disabled","ast-breadcrumbs-content":"","ast-featured-img":"disabled","footer-sml-layout":"","theme-transparent-header-meta":"default","adv-header-id-meta":"","stick-header-meta":"","header-above-stick-meta":"","header-main-stick-meta":"","header-below-stick-meta":"","astra-migrate-meta-layouts":"set","ast-page-background-enabled":"default","ast-page-background-meta":{"desktop":{"background-color":"var(--ast-global-color-4)","background-image":"","background-repeat":"repeat","background-position":"center center","background-size":"auto","background-attachment":"scroll","background-type":"","background-media":"","overlay-type":"","overlay-color":"","overlay-opacity":"","overlay-gradient":""},"tablet":{"background-color":"","background-image":"","background-repeat":"repeat","background-position":"center center","background-size":"auto","background-attachment":"scroll","background-type":"","background-media":"","overlay-type":"","overlay-color":"","overlay-opacity":"","overlay-gradient":""},"mobile":{"background-color":"","background-image":"","background-repeat":"repeat","background-position":"center center","background-size":"auto","background-attachment":"scroll","background-type":"","background-media":"","overlay-type":"","overlay-color":"","overlay-opacity":"","overlay-gradient":""}},"ast-content-background-meta":{"desktop":{"background-color":"var(--ast-global-color-5)","background-image":"","background-repeat":"repeat","background-position":"center center","background-size":"auto","background-attachment":"scroll","background-type":"","background-media":"","overlay-type":"","overlay-color":"","overlay-opacity":"","overlay-gradient":""},"tablet":{"background-color":"var(--ast-global-color-5)","background-image":"","background-repeat":"repeat","background-position":"center center","background-size":"auto","background-attachment":"scroll","background-type":"","background-media":"","overlay-type":"","overlay-color":"","overlay-opacity":"","overlay-gradient":""},"mobile":{"background-color":"var(--ast-global-color-5)","background-image":"","background-repeat":"repeat","background-position":"center center","background-size":"auto","background-attachment":"scroll","background-type":"","background-media":"","overlay-type":"","overlay-color":"","overlay-opacity":"","overlay-gradient":""}},"footnotes":""},"class_list":["post-36","page","type-page","status-publish","hentry"],"yoast_head":"<!-- This site is optimized with the Yoast SEO plugin v25.5 - https:\/\/yoast.com\/wordpress\/plugins\/seo\/ -->\n<title>Nosotros | Expres Xchange<\/title>\n<meta name=\"description\" content=\"Cambio de divisas al mejor precio. Contamos con el mejor tipo de cambio en el mercado, encuentra tu ubicaci\u00f3n m\u00e1s cercana.\" \/>\n<meta name=\"robots\" content=\"index, follow, max-snippet:-1, max-image-preview:large, max-video-preview:-1\" \/>\n<link rel=\"canonical\" href=\"https:\/\/expresxchange.com\/en\/exchange-currency\/\" \/>\n<meta property=\"og:locale\" content=\"en_US\" \/>\n<meta property=\"og:type\" content=\"article\" \/>\n<meta property=\"og:title\" content=\"Nosotros | Expres Xchange\" \/>\n<meta property=\"og:description\" content=\"Cambio de divisas al mejor precio. Contamos con el mejor tipo de cambio en el mercado, encuentra tu ubicaci\u00f3n m\u00e1s cercana.\" \/>\n<meta property=\"og:url\" content=\"https:\/\/expresxchange.com\/en\/exchange-currency\/\" \/>\n<meta property=\"og:site_name\" content=\"Expres Xchange\" \/>\n<meta property=\"article:modified_time\" content=\"2023-11-02T16:53:48+00:00\" \/>\n<meta property=\"og:image\" content=\"https:\/\/expresxchange.com\/wp-content\/uploads\/2023\/08\/logo-expres-xchange-01-1-e1693426771150.png\" \/>\n<meta name=\"twitter:card\" content=\"summary_large_image\" \/>\n<meta name=\"twitter:title\" content=\"Nosotros | Expres Xchange\" \/>\n<meta name=\"twitter:description\" content=\"Cambio de divisas al mejor precio. Contamos con el mejor tipo de cambio en el mercado, encuentra tu ubicaci\u00f3n m\u00e1s cercana.\" \/>\n<meta name=\"twitter:label1\" content=\"Est. reading time\" \/>\n\t<meta name=\"twitter:data1\" content=\"2 minutes\" \/>\n<script type=\"application\/ld+json\" class=\"yoast-schema-graph\">{\"@context\":\"https:\/\/schema.org\",\"@graph\":[{\"@type\":\"WebPage\",\"@id\":\"https:\/\/expresxchange.com\/cambio-divisas\/\",\"url\":\"https:\/\/expresxchange.com\/cambio-divisas\/\",\"name\":\"Nosotros | Expres Xchange\",\"isPartOf\":{\"@id\":\"https:\/\/expresxchange.com\/#website\"},\"primaryImageOfPage\":{\"@id\":\"https:\/\/expresxchange.com\/cambio-divisas\/#primaryimage\"},\"image\":{\"@id\":\"https:\/\/expresxchange.com\/cambio-divisas\/#primaryimage\"},\"thumbnailUrl\":\"https:\/\/expresxchange.com\/wp-content\/uploads\/2023\/08\/logo-expres-xchange-01-1-e1693426771150.png\",\"datePublished\":\"2023-08-30T20:43:02+00:00\",\"dateModified\":\"2023-11-02T16:53:48+00:00\",\"description\":\"Cambio de divisas al mejor precio. Contamos con el mejor tipo de cambio en el mercado, encuentra tu ubicaci\u00f3n m\u00e1s cercana.\",\"breadcrumb\":{\"@id\":\"https:\/\/expresxchange.com\/cambio-divisas\/#breadcrumb\"},\"inLanguage\":\"en-US\",\"potentialAction\":[{\"@type\":\"ReadAction\",\"target\":[\"https:\/\/expresxchange.com\/cambio-divisas\/\"]}]},{\"@type\":\"ImageObject\",\"inLanguage\":\"en-US\",\"@id\":\"https:\/\/expresxchange.com\/cambio-divisas\/#primaryimage\",\"url\":\"https:\/\/expresxchange.com\/wp-content\/uploads\/2023\/08\/logo-expres-xchange-01-1-e1693426771150.png\",\"contentUrl\":\"https:\/\/expresxchange.com\/wp-content\/uploads\/2023\/08\/logo-expres-xchange-01-1-e1693426771150.png\"},{\"@type\":\"BreadcrumbList\",\"@id\":\"https:\/\/expresxchange.com\/cambio-divisas\/#breadcrumb\",\"itemListElement\":[{\"@type\":\"ListItem\",\"position\":1,\"name\":\"Inicio\",\"item\":\"https:\/\/expresxchange.com\/\"},{\"@type\":\"ListItem\",\"position\":2,\"name\":\"Nosotros\"}]},{\"@type\":\"WebSite\",\"@id\":\"https:\/\/expresxchange.com\/#website\",\"url\":\"https:\/\/expresxchange.com\/\",\"name\":\"Expres Xchange\",\"description\":\"\",\"potentialAction\":[{\"@type\":\"SearchAction\",\"target\":{\"@type\":\"EntryPoint\",\"urlTemplate\":\"https:\/\/expresxchange.com\/?s={search_term_string}\"},\"query-input\":{\"@type\":\"PropertyValueSpecification\",\"valueRequired\":true,\"valueName\":\"search_term_string\"}}],\"inLanguage\":\"en-US\"}]}<\/script>\n<!-- \/ Yoast SEO plugin. -->","yoast_head_json":{"title":"About us | Expres Xchange","description":"Currency exchange at the best price. We have the best exchange rate in the market, find your nearest location.","robots":{"index":"index","follow":"follow","max-snippet":"max-snippet:-1","max-image-preview":"max-image-preview:large","max-video-preview":"max-video-preview:-1"},"canonical":"https:\/\/expresxchange.com\/en\/exchange-currency\/","og_locale":"en_US","og_type":"article","og_title":"Nosotros | Expres Xchange","og_description":"Cambio de divisas al mejor precio. Contamos con el mejor tipo de cambio en el mercado, encuentra tu ubicaci\u00f3n m\u00e1s cercana.","og_url":"https:\/\/expresxchange.com\/en\/exchange-currency\/","og_site_name":"Expres Xchange","article_modified_time":"2023-11-02T16:53:48+00:00","og_image":[{"url":"https:\/\/expresxchange.com\/wp-content\/uploads\/2023\/08\/logo-expres-xchange-01-1-e1693426771150.png","type":"","width":"","height":""}],"twitter_card":"summary_large_image","twitter_title":"Nosotros | Expres Xchange","twitter_description":"Cambio de divisas al mejor precio. Contamos con el mejor tipo de cambio en el mercado, encuentra tu ubicaci\u00f3n m\u00e1s cercana.","twitter_misc":{"Est. reading time":"2 minutes"},"schema":{"@context":"https:\/\/schema.org","@graph":[{"@type":"WebPage","@id":"https:\/\/expresxchange.com\/cambio-divisas\/","url":"https:\/\/expresxchange.com\/cambio-divisas\/","name":"About us | Expres Xchange","isPartOf":{"@id":"https:\/\/expresxchange.com\/#website"},"primaryImageOfPage":{"@id":"https:\/\/expresxchange.com\/cambio-divisas\/#primaryimage"},"image":{"@id":"https:\/\/expresxchange.com\/cambio-divisas\/#primaryimage"},"thumbnailUrl":"https:\/\/expresxchange.com\/wp-content\/uploads\/2023\/08\/logo-expres-xchange-01-1-e1693426771150.png","datePublished":"2023-08-30T20:43:02+00:00","dateModified":"2023-11-02T16:53:48+00:00","description":"Currency exchange at the best price. We have the best exchange rate in the market, find your nearest location.","breadcrumb":{"@id":"https:\/\/expresxchange.com\/cambio-divisas\/#breadcrumb"},"inLanguage":"en-US","potentialAction":[{"@type":"ReadAction","target":["https:\/\/expresxchange.com\/cambio-divisas\/"]}]},{"@type":"ImageObject","inLanguage":"en-US","@id":"https:\/\/expresxchange.com\/cambio-divisas\/#primaryimage","url":"https:\/\/expresxchange.com\/wp-content\/uploads\/2023\/08\/logo-expres-xchange-01-1-e1693426771150.png","contentUrl":"https:\/\/expresxchange.com\/wp-content\/uploads\/2023\/08\/logo-expres-xchange-01-1-e1693426771150.png"},{"@type":"BreadcrumbList","@id":"https:\/\/expresxchange.com\/cambio-divisas\/#breadcrumb","itemListElement":[{"@type":"ListItem","position":1,"name":"Inicio","item":"https:\/\/expresxchange.com\/"},{"@type":"ListItem","position":2,"name":"Nosotros"}]},{"@type":"WebSite","@id":"https:\/\/expresxchange.com\/#website","url":"https:\/\/expresxchange.com\/","name":"Expres Xchange","description":"","potentialAction":[{"@type":"SearchAction","target":{"@type":"EntryPoint","urlTemplate":"https:\/\/expresxchange.com\/?s={search_term_string}"},"query-input":{"@type":"PropertyValueSpecification","valueRequired":true,"valueName":"search_term_string"}}],"inLanguage":"en-US"}]}},"_links":{"self":[{"href":"https:\/\/expresxchange.com\/en\/wp-json\/wp\/v2\/pages\/36","targetHints":{"allow":["GET"]}}],"collection":[{"href":"https:\/\/expresxchange.com\/en\/wp-json\/wp\/v2\/pages"}],"about":[{"href":"https:\/\/expresxchange.com\/en\/wp-json\/wp\/v2\/types\/page"}],"author":[{"embeddable":true,"href":"https:\/\/expresxchange.com\/en\/wp-json\/wp\/v2\/users\/1"}],"replies":[{"embeddable":true,"href":"https:\/\/expresxchange.com\/en\/wp-json\/wp\/v2\/comments?post=36"}],"version-history":[{"count":0,"href":"https:\/\/expresxchange.com\/en\/wp-json\/wp\/v2\/pages\/36\/revisions"}],"wp:attachment":[{"href":"https:\/\/expresxchange.com\/en\/wp-json\/wp\/v2\/media?parent=36"}],"curies":[{"name":"wp","href":"https:\/\/api.w.org\/{rel}","templated":true}]}}