{"id":1366,"date":"2023-11-08T17:20:56","date_gmt":"2023-11-08T17:20:56","guid":{"rendered":"https:\/\/expresxchange.com\/?page_id=1366"},"modified":"2023-11-08T17:27:27","modified_gmt":"2023-11-08T17:27:27","slug":"benefits","status":"publish","type":"page","link":"https:\/\/expresxchange.com\/en\/benefits\/","title":{"rendered":"Benefits"},"content":{"rendered":"<div data-elementor-type=\"wp-page\" data-elementor-id=\"1366\" class=\"elementor elementor-1366\" data-elementor-post-type=\"page\">\n\t\t\t\t<section class=\"elementor-element elementor-element-611ec0a e-con-full e-flex e-con e-parent\" data-id=\"611ec0a\" data-element_type=\"container\" data-settings=\"{&quot;background_background&quot;:&quot;classic&quot;}\">\n\t\t<div class=\"elementor-element elementor-element-d4f890b e-con-full e-flex e-con e-child\" data-id=\"d4f890b\" data-element_type=\"container\">\n\t\t\t\t<div class=\"elementor-element elementor-element-afb9023 elementor-widget elementor-widget-heading\" data-id=\"afb9023\" data-element_type=\"widget\" data-widget_type=\"heading.default\">\n\t\t\t\t<div class=\"elementor-widget-container\">\n\t\t\t\t\t<h1 class=\"elementor-heading-title elementor-size-default\">BENEFITS<\/h1>\t\t\t\t<\/div>\n\t\t\t\t<\/div>\n\t\t\t\t<div class=\"elementor-element elementor-element-b740279 elementor-widget__width-initial elementor-widget elementor-widget-heading\" data-id=\"b740279\" data-element_type=\"widget\" data-widget_type=\"heading.default\">\n\t\t\t\t<div class=\"elementor-widget-container\">\n\t\t\t\t\t<h4 class=\"elementor-heading-title elementor-size-default\">Very soon we will surprise you with the frequent customer program that we will have to strengthen our commercial relationship for both retail and corporate wholesale accounts.<\/h4>\t\t\t\t<\/div>\n\t\t\t\t<\/div>\n\t\t\t\t<div class=\"elementor-element elementor-element-1f4ed20 elementor-widget-divider--view-line elementor-widget elementor-widget-divider\" data-id=\"1f4ed20\" data-element_type=\"widget\" data-widget_type=\"divider.default\">\n\t\t\t\t<div class=\"elementor-widget-container\">\n\t\t\t\t\t\t\t<div class=\"elementor-divider\">\n\t\t\t<span class=\"elementor-divider-separator\">\n\t\t\t\t\t\t<\/span>\n\t\t<\/div>\n\t\t\t\t\t\t<\/div>\n\t\t\t\t<\/div>\n\t\t\t\t<div class=\"elementor-element elementor-element-0fdda2f elementor-widget__width-initial elementor-widget elementor-widget-heading\" data-id=\"0fdda2f\" data-element_type=\"widget\" data-widget_type=\"heading.default\">\n\t\t\t\t<div class=\"elementor-widget-container\">\n\t\t\t\t\t<h4 class=\"elementor-heading-title elementor-size-default\">Stay tuned for all that Express Xchange has in store for you!<\/h4>\t\t\t\t<\/div>\n\t\t\t\t<\/div>\n\t\t\t\t<div class=\"elementor-element elementor-element-0011029 elementor-align-justify elementor-widget elementor-widget-button\" data-id=\"0011029\" data-element_type=\"widget\" data-widget_type=\"button.default\">\n\t\t\t\t<div class=\"elementor-widget-container\">\n\t\t\t\t\t\t\t\t\t<div class=\"elementor-button-wrapper\">\n\t\t\t\t\t<a class=\"elementor-button elementor-button-link elementor-size-sm elementor-animation-float\" href=\"https:\/\/expresxchange.com\/en\/contact\/\">\n\t\t\t\t\t\t<span class=\"elementor-button-content-wrapper\">\n\t\t\t\t\t\t\t\t\t<span class=\"elementor-button-text\">Contact us<\/span>\n\t\t\t\t\t<\/span>\n\t\t\t\t\t<\/a>\n\t\t\t\t<\/div>\n\t\t\t\t\t\t\t\t<\/div>\n\t\t\t\t<\/div>\n\t\t\t\t<\/div>\n\t\t\t\t<\/section>\n\t\t\t\t<\/div>","protected":false},"excerpt":{"rendered":"<p>BENEFICIOS Muy pronto te sorprenderemos con el programa de cliente frecuente que tendremos para fortalecer nuestra relaci\u00f3n comercial tanto para cambios en menudeo como a cuentas corporativas al mayoreo. \u00a1Qu\u00e9date pendiente de todo lo que Expres Xchange tendr\u00e1 pr\u00f3ximamente para ti! Cont\u00e1ctanos<\/p>","protected":false},"author":1,"featured_media":0,"parent":0,"menu_order":0,"comment_status":"closed","ping_status":"closed","template":"","meta":{"site-sidebar-layout":"no-sidebar","site-content-layout":"","ast-site-content-layout":"full-width-container","site-content-style":"default","site-sidebar-style":"default","ast-global-header-display":"","ast-banner-title-visibility":"","ast-main-header-display":"","ast-hfb-above-header-display":"","ast-hfb-below-header-display":"","ast-hfb-mobile-header-display":"","site-post-title":"disabled","ast-breadcrumbs-content":"","ast-featured-img":"disabled","footer-sml-layout":"","theme-transparent-header-meta":"default","adv-header-id-meta":"","stick-header-meta":"","header-above-stick-meta":"","header-main-stick-meta":"","header-below-stick-meta":"","astra-migrate-meta-layouts":"set","ast-page-background-enabled":"default","ast-page-background-meta":{"desktop":{"background-color":"var(--ast-global-color-4)","background-image":"","background-repeat":"repeat","background-position":"center center","background-size":"auto","background-attachment":"scroll","background-type":"","background-media":"","overlay-type":"","overlay-color":"","overlay-opacity":"","overlay-gradient":""},"tablet":{"background-color":"","background-image":"","background-repeat":"repeat","background-position":"center center","background-size":"auto","background-attachment":"scroll","background-type":"","background-media":"","overlay-type":"","overlay-color":"","overlay-opacity":"","overlay-gradient":""},"mobile":{"background-color":"","background-image":"","background-repeat":"repeat","background-position":"center center","background-size":"auto","background-attachment":"scroll","background-type":"","background-media":"","overlay-type":"","overlay-color":"","overlay-opacity":"","overlay-gradient":""}},"ast-content-background-meta":{"desktop":{"background-color":"var(--ast-global-color-5)","background-image":"","background-repeat":"repeat","background-position":"center center","background-size":"auto","background-attachment":"scroll","background-type":"","background-media":"","overlay-type":"","overlay-color":"","overlay-opacity":"","overlay-gradient":""},"tablet":{"background-color":"var(--ast-global-color-5)","background-image":"","background-repeat":"repeat","background-position":"center center","background-size":"auto","background-attachment":"scroll","background-type":"","background-media":"","overlay-type":"","overlay-color":"","overlay-opacity":"","overlay-gradient":""},"mobile":{"background-color":"var(--ast-global-color-5)","background-image":"","background-repeat":"repeat","background-position":"center center","background-size":"auto","background-attachment":"scroll","background-type":"","background-media":"","overlay-type":"","overlay-color":"","overlay-opacity":"","overlay-gradient":""}},"footnotes":""},"class_list":["post-1366","page","type-page","status-publish","hentry"],"yoast_head":"<!-- This site is optimized with the Yoast SEO plugin v25.5 - https:\/\/yoast.com\/wordpress\/plugins\/seo\/ -->\n<title>Beneficios | Expres Xchange<\/title>\n<meta name=\"robots\" content=\"index, follow, max-snippet:-1, max-image-preview:large, max-video-preview:-1\" \/>\n<link rel=\"canonical\" href=\"https:\/\/expresxchange.com\/en\/benefits\/\" \/>\n<meta property=\"og:locale\" content=\"en_US\" \/>\n<meta property=\"og:type\" content=\"article\" \/>\n<meta property=\"og:title\" content=\"Beneficios | Expres Xchange\" \/>\n<meta property=\"og:description\" content=\"BENEFICIOS Muy pronto te sorprenderemos con el programa de cliente frecuente que tendremos para fortalecer nuestra relaci\u00f3n comercial tanto para cambios en menudeo como a cuentas corporativas al mayoreo. \u00a1Qu\u00e9date pendiente de todo lo que Expres Xchange tendr\u00e1 pr\u00f3ximamente para ti! Cont\u00e1ctanos\" \/>\n<meta property=\"og:url\" content=\"https:\/\/expresxchange.com\/en\/benefits\/\" \/>\n<meta property=\"og:site_name\" content=\"Expres Xchange\" \/>\n<meta property=\"article:modified_time\" content=\"2023-11-08T17:27:27+00:00\" \/>\n<meta name=\"twitter:card\" content=\"summary_large_image\" \/>\n<meta name=\"twitter:label1\" content=\"Est. reading time\" \/>\n\t<meta name=\"twitter:data1\" content=\"1 minute\" \/>\n<script type=\"application\/ld+json\" class=\"yoast-schema-graph\">{\"@context\":\"https:\/\/schema.org\",\"@graph\":[{\"@type\":\"WebPage\",\"@id\":\"https:\/\/expresxchange.com\/beneficios\/\",\"url\":\"https:\/\/expresxchange.com\/beneficios\/\",\"name\":\"Beneficios | Expres Xchange\",\"isPartOf\":{\"@id\":\"https:\/\/expresxchange.com\/#website\"},\"datePublished\":\"2023-11-08T17:20:56+00:00\",\"dateModified\":\"2023-11-08T17:27:27+00:00\",\"breadcrumb\":{\"@id\":\"https:\/\/expresxchange.com\/beneficios\/#breadcrumb\"},\"inLanguage\":\"en-US\",\"potentialAction\":[{\"@type\":\"ReadAction\",\"target\":[\"https:\/\/expresxchange.com\/beneficios\/\"]}]},{\"@type\":\"BreadcrumbList\",\"@id\":\"https:\/\/expresxchange.com\/beneficios\/#breadcrumb\",\"itemListElement\":[{\"@type\":\"ListItem\",\"position\":1,\"name\":\"Inicio\",\"item\":\"https:\/\/expresxchange.com\/\"},{\"@type\":\"ListItem\",\"position\":2,\"name\":\"Beneficios\"}]},{\"@type\":\"WebSite\",\"@id\":\"https:\/\/expresxchange.com\/#website\",\"url\":\"https:\/\/expresxchange.com\/\",\"name\":\"Expres Xchange\",\"description\":\"\",\"potentialAction\":[{\"@type\":\"SearchAction\",\"target\":{\"@type\":\"EntryPoint\",\"urlTemplate\":\"https:\/\/expresxchange.com\/?s={search_term_string}\"},\"query-input\":{\"@type\":\"PropertyValueSpecification\",\"valueRequired\":true,\"valueName\":\"search_term_string\"}}],\"inLanguage\":\"en-US\"}]}<\/script>\n<!-- \/ Yoast SEO plugin. -->","yoast_head_json":{"title":"Benefits | Expres Xchange","robots":{"index":"index","follow":"follow","max-snippet":"max-snippet:-1","max-image-preview":"max-image-preview:large","max-video-preview":"max-video-preview:-1"},"canonical":"https:\/\/expresxchange.com\/en\/benefits\/","og_locale":"en_US","og_type":"article","og_title":"Beneficios | Expres Xchange","og_description":"BENEFICIOS Muy pronto te sorprenderemos con el programa de cliente frecuente que tendremos para fortalecer nuestra relaci\u00f3n comercial tanto para cambios en menudeo como a cuentas corporativas al mayoreo. \u00a1Qu\u00e9date pendiente de todo lo que Expres Xchange tendr\u00e1 pr\u00f3ximamente para ti! Cont\u00e1ctanos","og_url":"https:\/\/expresxchange.com\/en\/benefits\/","og_site_name":"Expres Xchange","article_modified_time":"2023-11-08T17:27:27+00:00","twitter_card":"summary_large_image","twitter_misc":{"Est. reading time":"1 minute"},"schema":{"@context":"https:\/\/schema.org","@graph":[{"@type":"WebPage","@id":"https:\/\/expresxchange.com\/beneficios\/","url":"https:\/\/expresxchange.com\/beneficios\/","name":"Benefits | Expres Xchange","isPartOf":{"@id":"https:\/\/expresxchange.com\/#website"},"datePublished":"2023-11-08T17:20:56+00:00","dateModified":"2023-11-08T17:27:27+00:00","breadcrumb":{"@id":"https:\/\/expresxchange.com\/beneficios\/#breadcrumb"},"inLanguage":"en-US","potentialAction":[{"@type":"ReadAction","target":["https:\/\/expresxchange.com\/beneficios\/"]}]},{"@type":"BreadcrumbList","@id":"https:\/\/expresxchange.com\/beneficios\/#breadcrumb","itemListElement":[{"@type":"ListItem","position":1,"name":"Inicio","item":"https:\/\/expresxchange.com\/"},{"@type":"ListItem","position":2,"name":"Beneficios"}]},{"@type":"WebSite","@id":"https:\/\/expresxchange.com\/#website","url":"https:\/\/expresxchange.com\/","name":"Expres Xchange","description":"","potentialAction":[{"@type":"SearchAction","target":{"@type":"EntryPoint","urlTemplate":"https:\/\/expresxchange.com\/?s={search_term_string}"},"query-input":{"@type":"PropertyValueSpecification","valueRequired":true,"valueName":"search_term_string"}}],"inLanguage":"en-US"}]}},"_links":{"self":[{"href":"https:\/\/expresxchange.com\/en\/wp-json\/wp\/v2\/pages\/1366","targetHints":{"allow":["GET"]}}],"collection":[{"href":"https:\/\/expresxchange.com\/en\/wp-json\/wp\/v2\/pages"}],"about":[{"href":"https:\/\/expresxchange.com\/en\/wp-json\/wp\/v2\/types\/page"}],"author":[{"embeddable":true,"href":"https:\/\/expresxchange.com\/en\/wp-json\/wp\/v2\/users\/1"}],"replies":[{"embeddable":true,"href":"https:\/\/expresxchange.com\/en\/wp-json\/wp\/v2\/comments?post=1366"}],"version-history":[{"count":0,"href":"https:\/\/expresxchange.com\/en\/wp-json\/wp\/v2\/pages\/1366\/revisions"}],"wp:attachment":[{"href":"https:\/\/expresxchange.com\/en\/wp-json\/wp\/v2\/media?parent=1366"}],"curies":[{"name":"wp","href":"https:\/\/api.w.org\/{rel}","templated":true}]}}